{"id":359,"date":"2022-10-09T10:31:49","date_gmt":"2022-10-09T09:31:49","guid":{"rendered":"https:\/\/www.ngv-afdelingen.nl\/bet\/?page_id=359"},"modified":"2023-01-09T18:08:57","modified_gmt":"2023-01-09T17:08:57","slug":"projecten-2","status":"publish","type":"page","link":"https:\/\/www.ngv-afdelingen.nl\/bet\/projecten-2\/","title":{"rendered":"Projecten"},"content":{"rendered":"\n<div class=\"wp-block-columns is-layout-flex wp-container-core-columns-is-layout-9d6595d7 wp-block-columns-is-layout-flex\">\n<div class=\"wp-block-column is-layout-flow wp-block-column-is-layout-flow\">\n<p class=\"has-text-align-center has-text-color has-background\" style=\"color:#465031;background-color:#d2e3ed\"><strong>Lopende projecten<\/strong><\/p>\n<\/div>\n<\/div>\n\n\n\n<div class=\"wp-block-columns is-layout-flex wp-container-core-columns-is-layout-9d6595d7 wp-block-columns-is-layout-flex\">\n<div class=\"wp-block-column is-layout-flow wp-block-column-is-layout-flow\">\n<div class=\"wp-block-columns is-layout-flex wp-container-core-columns-is-layout-9d6595d7 wp-block-columns-is-layout-flex\">\n<div class=\"wp-block-column is-layout-flow wp-block-column-is-layout-flow\">\n<div class=\"wp-block-columns is-layout-flex wp-container-core-columns-is-layout-9d6595d7 wp-block-columns-is-layout-flex\">\n<div class=\"wp-block-column is-layout-flow wp-block-column-is-layout-flow\">\n<div class=\"wp-block-columns is-layout-flex wp-container-core-columns-is-layout-9d6595d7 wp-block-columns-is-layout-flex\">\n<div class=\"wp-block-column is-layout-flow wp-block-column-is-layout-flow\">\n<p class=\"has-text-align-center has-text-color has-background has-normal-font-size\" style=\"color:#d2e3ed;background-color:#465031\">Schepenbanken in de Betuwe<\/p>\n<\/div>\n<\/div>\n\n\n\n<div class=\"wp-block-columns is-layout-flex wp-container-core-columns-is-layout-9d6595d7 wp-block-columns-is-layout-flex\">\n<div class=\"wp-block-column has-text-color is-layout-flow wp-block-column-is-layout-flow\" style=\"color:#465031\">\n<p>Peter van Maanen doet onderzoek naar rechtbanken welke in de 13e tot in de 16e eeuw rechtspraken en bestuurden in Betuwse plaatsen. Hij kan nog steeds hulp daarbij gebruiken.<\/p>\n\n\n\n<p><a href=\"https:\/\/www.ngv-afdelingen.nl\/bet\/project-schepenbanken-in-de-betuwe\/\" data-type=\"post\" data-id=\"846\">Lees hier meer . . .<\/a><\/p>\n<\/div>\n<\/div>\n<\/div>\n\n\n\n<div class=\"wp-block-column is-layout-flow wp-block-column-is-layout-flow\">\n<div class=\"wp-block-columns is-layout-flex wp-container-core-columns-is-layout-9d6595d7 wp-block-columns-is-layout-flex\">\n<div class=\"wp-block-column is-layout-flow wp-block-column-is-layout-flow\">\n<p class=\"has-text-align-center has-text-color has-background has-normal-font-size\" style=\"color:#d2e3ed;background-color:#465031\">Oude boerderijen en hun bewoners<\/p>\n<\/div>\n<\/div>\n\n\n\n<div class=\"wp-block-columns is-layout-flex wp-container-core-columns-is-layout-9d6595d7 wp-block-columns-is-layout-flex\">\n<div class=\"wp-block-column has-text-color is-layout-flow wp-block-column-is-layout-flow\" style=\"color:#465031\">\n<p>Een ingewikkeld uitziende kaart die aangeeft in welke eeuw boerderijen werden gebouwd. Staan ze er nog steeds? En wie hebben er gewoond? <br>Een boeiend project!<\/p>\n\n\n\n<p><a href=\"https:\/\/www.ngv-afdelingen.nl\/bet\/project-oude-gebouwen-en-hun-bewoners\/\" data-type=\"page\" data-id=\"1018\">Lees hier meer . . .<\/a><\/p>\n<\/div>\n<\/div>\n<\/div>\n<\/div>\n<\/div>\n\n\n\n<div class=\"wp-block-column is-layout-flow wp-block-column-is-layout-flow\">\n<div class=\"wp-block-columns is-layout-flex wp-container-core-columns-is-layout-9d6595d7 wp-block-columns-is-layout-flex\">\n<div class=\"wp-block-column is-layout-flow wp-block-column-is-layout-flow\">\n<div class=\"wp-block-columns is-layout-flex wp-container-core-columns-is-layout-9d6595d7 wp-block-columns-is-layout-flex\">\n<div class=\"wp-block-column is-layout-flow wp-block-column-is-layout-flow\">\n<p class=\"has-text-align-center has-text-color has-background\" style=\"color:#d2e3ed;background-color:#465031\">Kennisbank v\u00f3\u00f3r en d\u00f3\u00f3r leden<\/p>\n<\/div>\n<\/div>\n\n\n\n<div class=\"wp-block-columns is-layout-flex wp-container-core-columns-is-layout-9d6595d7 wp-block-columns-is-layout-flex\">\n<div class=\"wp-block-column has-text-color is-layout-flow wp-block-column-is-layout-flow\" style=\"color:#465031\">\n<p>Welke familienamen onderzoek jij? En van welke Betuwe-streek heeft wie veel kennis? Vragen die worden gesteld en om daar goed antwoord op te vinden, inventariseren we deze gegevens?<\/p>\n\n\n\n<p><a href=\"https:\/\/www.ngv-afdelingen.nl\/bet\/kennisbank-van-de-betuwe\/\" data-type=\"page\" data-id=\"361\">Heb jij jouw gegevens al aangeleverd?<\/a><\/p>\n<\/div>\n<\/div>\n<\/div>\n\n\n\n<div class=\"wp-block-column is-layout-flow wp-block-column-is-layout-flow\">\n<div class=\"wp-block-columns is-layout-flex wp-container-core-columns-is-layout-9d6595d7 wp-block-columns-is-layout-flex\">\n<div class=\"wp-block-column is-layout-flow wp-block-column-is-layout-flow\">\n<p class=\"has-text-color has-background\" style=\"color:#d2e3ed;background-color:#465031\">Betuwse kwartierstaten<\/p>\n<\/div>\n<\/div>\n\n\n\n<div class=\"wp-block-columns is-layout-flex wp-container-core-columns-is-layout-9d6595d7 wp-block-columns-is-layout-flex\">\n<div class=\"wp-block-column has-text-color is-layout-flow wp-block-column-is-layout-flow\" style=\"color:#465031\">\n<p>Al jaren wordt er bij het Stamboomcaf\u00e9 gewerkt aan het samenstellen van Betuwse kwartierstaten. Inmiddels is er ruimte op de website voor publicatie.<br>Wie bedenkt een mooie en boeiende presentatie?<\/p>\n\n\n\n<p><a href=\"https:\/\/www.ngv-afdelingen.nl\/bet\/betuwse-kwartierstaten\/\" data-type=\"page\" data-id=\"1444\">Meld je hier aan . . .<\/a><\/p>\n<\/div>\n<\/div>\n<\/div>\n<\/div>\n<\/div>\n<\/div>\n<\/div>\n<\/div>\n","protected":false},"excerpt":{"rendered":"<p>Lopende projecten Schepenbanken in de Betuwe Peter van Maanen doet onderzoek naar rechtbanken welke in de 13e tot in de 16e eeuw rechtspraken en bestuurden in Betuwse plaatsen. Hij kan nog steeds hulp daarbij gebruiken. Lees hier meer . . . Oude boerderijen en hun bewoners Een ingewikkeld uitziende kaart &hellip;<\/p>\n","protected":false},"author":3,"featured_media":0,"parent":0,"menu_order":0,"comment_status":"closed","ping_status":"closed","template":"","meta":{"footnotes":""},"class_list":["post-359","page","type-page","status-publish","hentry"],"yoast_head":"<!-- This site is optimized with the Yoast SEO plugin v27.3 - https:\/\/yoast.com\/product\/yoast-seo-wordpress\/ -->\n<title>Projecten &#8211;<\/title>\n<meta name=\"description\" content=\"Projecten NGV afdeling Betuwe &#8211;\" \/>\n<meta name=\"robots\" content=\"index, follow, max-snippet:-1, max-image-preview:large, max-video-preview:-1\" \/>\n<link rel=\"canonical\" href=\"https:\/\/www.ngv-afdelingen.nl\/bet\/projecten-2\/\" \/>\n<meta property=\"og:locale\" content=\"nl_NL\" \/>\n<meta property=\"og:type\" content=\"article\" \/>\n<meta property=\"og:title\" content=\"Projecten &#8211;\" \/>\n<meta property=\"og:description\" content=\"Projecten NGV afdeling Betuwe &#8211;\" \/>\n<meta property=\"og:url\" content=\"https:\/\/www.ngv-afdelingen.nl\/bet\/projecten-2\/\" \/>\n<meta property=\"og:site_name\" content=\"NGV afdeling Betuwe\" \/>\n<meta property=\"article:publisher\" content=\"https:\/\/www.facebook.com\/people\/NGV-Afdeling-Betuwe\/100064836245128\/\" \/>\n<meta property=\"article:modified_time\" content=\"2023-01-09T17:08:57+00:00\" \/>\n<meta name=\"twitter:card\" content=\"summary_large_image\" \/>\n<meta name=\"twitter:site\" content=\"@NGV_BET\" \/>\n<meta name=\"twitter:label1\" content=\"Geschatte leestijd\" \/>\n\t<meta name=\"twitter:data1\" content=\"1 minuut\" \/>\n<script type=\"application\/ld+json\" class=\"yoast-schema-graph\">{\"@context\":\"https:\\\/\\\/schema.org\",\"@graph\":[{\"@type\":\"Article\",\"@id\":\"https:\\\/\\\/www.ngv-afdelingen.nl\\\/bet\\\/projecten-2\\\/#article\",\"isPartOf\":{\"@id\":\"https:\\\/\\\/www.ngv-afdelingen.nl\\\/bet\\\/projecten-2\\\/\"},\"author\":{\"name\":\"webredacteur-bet\",\"@id\":\"https:\\\/\\\/www.ngv-afdelingen.nl\\\/bet\\\/#\\\/schema\\\/person\\\/faaa2061457b980a2e025e7c6dcaa203\"},\"headline\":\"Projecten\",\"datePublished\":\"2022-10-09T09:31:49+00:00\",\"dateModified\":\"2023-01-09T17:08:57+00:00\",\"mainEntityOfPage\":{\"@id\":\"https:\\\/\\\/www.ngv-afdelingen.nl\\\/bet\\\/projecten-2\\\/\"},\"wordCount\":149,\"publisher\":{\"@id\":\"https:\\\/\\\/www.ngv-afdelingen.nl\\\/bet\\\/#organization\"},\"inLanguage\":\"nl-NL\"},{\"@type\":[\"WebPage\",\"ItemPage\"],\"@id\":\"https:\\\/\\\/www.ngv-afdelingen.nl\\\/bet\\\/projecten-2\\\/\",\"url\":\"https:\\\/\\\/www.ngv-afdelingen.nl\\\/bet\\\/projecten-2\\\/\",\"name\":\"Projecten &#8211;\",\"isPartOf\":{\"@id\":\"https:\\\/\\\/www.ngv-afdelingen.nl\\\/bet\\\/#website\"},\"datePublished\":\"2022-10-09T09:31:49+00:00\",\"dateModified\":\"2023-01-09T17:08:57+00:00\",\"description\":\"Projecten NGV afdeling Betuwe &#8211;\",\"breadcrumb\":{\"@id\":\"https:\\\/\\\/www.ngv-afdelingen.nl\\\/bet\\\/projecten-2\\\/#breadcrumb\"},\"inLanguage\":\"nl-NL\",\"potentialAction\":[{\"@type\":\"ReadAction\",\"target\":[\"https:\\\/\\\/www.ngv-afdelingen.nl\\\/bet\\\/projecten-2\\\/\"]}]},{\"@type\":\"BreadcrumbList\",\"@id\":\"https:\\\/\\\/www.ngv-afdelingen.nl\\\/bet\\\/projecten-2\\\/#breadcrumb\",\"itemListElement\":[{\"@type\":\"ListItem\",\"position\":1,\"name\":\"Home\",\"item\":\"https:\\\/\\\/www.ngv-afdelingen.nl\\\/bet\\\/\"},{\"@type\":\"ListItem\",\"position\":2,\"name\":\"Projecten\"}]},{\"@type\":\"WebSite\",\"@id\":\"https:\\\/\\\/www.ngv-afdelingen.nl\\\/bet\\\/#website\",\"url\":\"https:\\\/\\\/www.ngv-afdelingen.nl\\\/bet\\\/\",\"name\":\"http:\\\/\\\/ngv-afdelingen.nl\\\/bet\\\/\",\"description\":\"\",\"publisher\":{\"@id\":\"https:\\\/\\\/www.ngv-afdelingen.nl\\\/bet\\\/#organization\"},\"alternateName\":\"ngv afdeling betuwe\",\"potentialAction\":[{\"@type\":\"SearchAction\",\"target\":{\"@type\":\"EntryPoint\",\"urlTemplate\":\"https:\\\/\\\/www.ngv-afdelingen.nl\\\/bet\\\/?s={search_term_string}\"},\"query-input\":{\"@type\":\"PropertyValueSpecification\",\"valueRequired\":true,\"valueName\":\"search_term_string\"}}],\"inLanguage\":\"nl-NL\"},{\"@type\":\"Organization\",\"@id\":\"https:\\\/\\\/www.ngv-afdelingen.nl\\\/bet\\\/#organization\",\"name\":\"Nederlandse Genealogische Vereniging\",\"url\":\"https:\\\/\\\/www.ngv-afdelingen.nl\\\/bet\\\/\",\"logo\":{\"@type\":\"ImageObject\",\"inLanguage\":\"nl-NL\",\"@id\":\"https:\\\/\\\/www.ngv-afdelingen.nl\\\/bet\\\/#\\\/schema\\\/logo\\\/image\\\/\",\"url\":\"https:\\\/\\\/www.ngv-afdelingen.nl\\\/bet\\\/wp-content\\\/uploads\\\/2026\\\/03\\\/20260309-logo-900-80-NGV.jpg\",\"contentUrl\":\"https:\\\/\\\/www.ngv-afdelingen.nl\\\/bet\\\/wp-content\\\/uploads\\\/2026\\\/03\\\/20260309-logo-900-80-NGV.jpg\",\"width\":900,\"height\":493,\"caption\":\"Nederlandse Genealogische Vereniging\"},\"image\":{\"@id\":\"https:\\\/\\\/www.ngv-afdelingen.nl\\\/bet\\\/#\\\/schema\\\/logo\\\/image\\\/\"},\"sameAs\":[\"https:\\\/\\\/www.facebook.com\\\/people\\\/NGV-Afdeling-Betuwe\\\/100064836245128\\\/\",\"https:\\\/\\\/x.com\\\/NGV_BET\"]},{\"@type\":\"Person\",\"@id\":\"https:\\\/\\\/www.ngv-afdelingen.nl\\\/bet\\\/#\\\/schema\\\/person\\\/faaa2061457b980a2e025e7c6dcaa203\",\"name\":\"webredacteur-bet\",\"url\":\"https:\\\/\\\/www.ngv-afdelingen.nl\\\/bet\\\/author\\\/webredacteur-bet\\\/\"}]}<\/script>\n<!-- \/ Yoast SEO plugin. -->","yoast_head_json":{"title":"Projecten &#8211;","description":"Projecten NGV afdeling Betuwe &#8211;","robots":{"index":"index","follow":"follow","max-snippet":"max-snippet:-1","max-image-preview":"max-image-preview:large","max-video-preview":"max-video-preview:-1"},"canonical":"https:\/\/www.ngv-afdelingen.nl\/bet\/projecten-2\/","og_locale":"nl_NL","og_type":"article","og_title":"Projecten &#8211;","og_description":"Projecten NGV afdeling Betuwe &#8211;","og_url":"https:\/\/www.ngv-afdelingen.nl\/bet\/projecten-2\/","og_site_name":"NGV afdeling Betuwe","article_publisher":"https:\/\/www.facebook.com\/people\/NGV-Afdeling-Betuwe\/100064836245128\/","article_modified_time":"2023-01-09T17:08:57+00:00","twitter_card":"summary_large_image","twitter_site":"@NGV_BET","twitter_misc":{"Geschatte leestijd":"1 minuut"},"schema":{"@context":"https:\/\/schema.org","@graph":[{"@type":"Article","@id":"https:\/\/www.ngv-afdelingen.nl\/bet\/projecten-2\/#article","isPartOf":{"@id":"https:\/\/www.ngv-afdelingen.nl\/bet\/projecten-2\/"},"author":{"name":"webredacteur-bet","@id":"https:\/\/www.ngv-afdelingen.nl\/bet\/#\/schema\/person\/faaa2061457b980a2e025e7c6dcaa203"},"headline":"Projecten","datePublished":"2022-10-09T09:31:49+00:00","dateModified":"2023-01-09T17:08:57+00:00","mainEntityOfPage":{"@id":"https:\/\/www.ngv-afdelingen.nl\/bet\/projecten-2\/"},"wordCount":149,"publisher":{"@id":"https:\/\/www.ngv-afdelingen.nl\/bet\/#organization"},"inLanguage":"nl-NL"},{"@type":["WebPage","ItemPage"],"@id":"https:\/\/www.ngv-afdelingen.nl\/bet\/projecten-2\/","url":"https:\/\/www.ngv-afdelingen.nl\/bet\/projecten-2\/","name":"Projecten &#8211;","isPartOf":{"@id":"https:\/\/www.ngv-afdelingen.nl\/bet\/#website"},"datePublished":"2022-10-09T09:31:49+00:00","dateModified":"2023-01-09T17:08:57+00:00","description":"Projecten NGV afdeling Betuwe &#8211;","breadcrumb":{"@id":"https:\/\/www.ngv-afdelingen.nl\/bet\/projecten-2\/#breadcrumb"},"inLanguage":"nl-NL","potentialAction":[{"@type":"ReadAction","target":["https:\/\/www.ngv-afdelingen.nl\/bet\/projecten-2\/"]}]},{"@type":"BreadcrumbList","@id":"https:\/\/www.ngv-afdelingen.nl\/bet\/projecten-2\/#breadcrumb","itemListElement":[{"@type":"ListItem","position":1,"name":"Home","item":"https:\/\/www.ngv-afdelingen.nl\/bet\/"},{"@type":"ListItem","position":2,"name":"Projecten"}]},{"@type":"WebSite","@id":"https:\/\/www.ngv-afdelingen.nl\/bet\/#website","url":"https:\/\/www.ngv-afdelingen.nl\/bet\/","name":"http:\/\/ngv-afdelingen.nl\/bet\/","description":"","publisher":{"@id":"https:\/\/www.ngv-afdelingen.nl\/bet\/#organization"},"alternateName":"ngv afdeling betuwe","potentialAction":[{"@type":"SearchAction","target":{"@type":"EntryPoint","urlTemplate":"https:\/\/www.ngv-afdelingen.nl\/bet\/?s={search_term_string}"},"query-input":{"@type":"PropertyValueSpecification","valueRequired":true,"valueName":"search_term_string"}}],"inLanguage":"nl-NL"},{"@type":"Organization","@id":"https:\/\/www.ngv-afdelingen.nl\/bet\/#organization","name":"Nederlandse Genealogische Vereniging","url":"https:\/\/www.ngv-afdelingen.nl\/bet\/","logo":{"@type":"ImageObject","inLanguage":"nl-NL","@id":"https:\/\/www.ngv-afdelingen.nl\/bet\/#\/schema\/logo\/image\/","url":"https:\/\/www.ngv-afdelingen.nl\/bet\/wp-content\/uploads\/2026\/03\/20260309-logo-900-80-NGV.jpg","contentUrl":"https:\/\/www.ngv-afdelingen.nl\/bet\/wp-content\/uploads\/2026\/03\/20260309-logo-900-80-NGV.jpg","width":900,"height":493,"caption":"Nederlandse Genealogische Vereniging"},"image":{"@id":"https:\/\/www.ngv-afdelingen.nl\/bet\/#\/schema\/logo\/image\/"},"sameAs":["https:\/\/www.facebook.com\/people\/NGV-Afdeling-Betuwe\/100064836245128\/","https:\/\/x.com\/NGV_BET"]},{"@type":"Person","@id":"https:\/\/www.ngv-afdelingen.nl\/bet\/#\/schema\/person\/faaa2061457b980a2e025e7c6dcaa203","name":"webredacteur-bet","url":"https:\/\/www.ngv-afdelingen.nl\/bet\/author\/webredacteur-bet\/"}]}},"_links":{"self":[{"href":"https:\/\/www.ngv-afdelingen.nl\/bet\/wp-json\/wp\/v2\/pages\/359","targetHints":{"allow":["GET"]}}],"collection":[{"href":"https:\/\/www.ngv-afdelingen.nl\/bet\/wp-json\/wp\/v2\/pages"}],"about":[{"href":"https:\/\/www.ngv-afdelingen.nl\/bet\/wp-json\/wp\/v2\/types\/page"}],"author":[{"embeddable":true,"href":"https:\/\/www.ngv-afdelingen.nl\/bet\/wp-json\/wp\/v2\/users\/3"}],"replies":[{"embeddable":true,"href":"https:\/\/www.ngv-afdelingen.nl\/bet\/wp-json\/wp\/v2\/comments?post=359"}],"version-history":[{"count":8,"href":"https:\/\/www.ngv-afdelingen.nl\/bet\/wp-json\/wp\/v2\/pages\/359\/revisions"}],"predecessor-version":[{"id":1446,"href":"https:\/\/www.ngv-afdelingen.nl\/bet\/wp-json\/wp\/v2\/pages\/359\/revisions\/1446"}],"wp:attachment":[{"href":"https:\/\/www.ngv-afdelingen.nl\/bet\/wp-json\/wp\/v2\/media?parent=359"}],"curies":[{"name":"wp","href":"https:\/\/api.w.org\/{rel}","templated":true}]}}