{"id":6568,"date":"2025-02-15T13:00:30","date_gmt":"2025-02-15T12:00:30","guid":{"rendered":"https:\/\/www.ngv-afdelingen.nl\/bet\/?page_id=6568"},"modified":"2026-01-29T14:19:09","modified_gmt":"2026-01-29T13:19:09","slug":"aanmeldformulier-beginnerscursus-genealogie","status":"publish","type":"page","link":"https:\/\/www.ngv-afdelingen.nl\/bet\/aanmeldformulier-beginnerscursus-genealogie\/","title":{"rendered":"Aanmeldformulier Beginnerscursus Genealogie"},"content":{"rendered":"\n<div class=\"wp-block-columns is-layout-flex wp-container-core-columns-is-layout-9d6595d7 wp-block-columns-is-layout-flex\">\n<div class=\"wp-block-column is-layout-flow wp-block-column-is-layout-flow\">\n<div class=\"wp-block-columns is-layout-flex wp-container-core-columns-is-layout-9d6595d7 wp-block-columns-is-layout-flex\">\n<div class=\"wp-block-column is-layout-flow wp-block-column-is-layout-flow\" style=\"flex-basis:25%\"><\/div>\n\n\n\n<div class=\"wp-block-column is-layout-flow wp-block-column-is-layout-flow\" style=\"flex-basis:50%\">\n<h1 class=\"wp-block-heading has-text-align-center\" style=\"font-size:22px;text-transform:uppercase\"><strong><strong>Cursus Stamboomonderzoek voor beginners \u2013 Voorjaar 2026<\/strong><\/strong><\/h1>\n\n\n\n<p class=\"has-text-color has-link-color wp-elements-47d0180a0ce53bdb67fec4708216cf29\" style=\"color:#2f5d3a;font-size:16px\"><strong><em>De cursus Stamboomonderzoek voor beginners bestaat uit 7 lessen. De eerste les is les 0. Deze krijg je v\u00f3\u00f3r 8 maart 2026 thuisgestuurd zodat je op de 1e lesavond op dinsdagavond 10 maart met het ge\u00efnstalleerd DEMO-programma GensDataPro3 kan beginnen.<\/em> De laatste cursusavond is dus op 14 april 2026.<\/strong><\/p>\n\n\n\n<p class=\"has-text-color has-link-color wp-elements-74a54b5d15ffd758b10955932d8a21fe\" style=\"color:#2f5d3a;font-size:16px\"><em>Over het algemeen wordt het eerste lesuur besteed aan uitleg en ga je na de pauze het geleerde toepassen.<\/em><\/p>\n\n\n\n<p class=\"has-text-color has-link-color wp-elements-5c31e30a2a2c3885a59d605d926da3e7\" style=\"color:#2f5d3a;font-size:16px\">De cursuskosten bedragen \u20ac 75,00. Tijdens de cursus ontvang je een interessant aanbod voor het lidmaatschap van de <a href=\"https:\/\/www.ngv.nl\">Nederlandse Genealogische Vereniging (NGV<\/a>) en de eventuele aanschaf van het genealogische programma <a href=\"https:\/\/www.gensdatapro.nl\">GensDataPro3<\/a> (geen verplichting).<\/p>\n\n\n\n<h2 class=\"wp-block-heading has-text-align-center has-text-color has-link-color wp-elements-18d007118f003873740cd98d224aecca\" style=\"color:#2f5d3a;font-size:20px\"><strong>Aanmeldformulier<\/strong><\/h2>\n\n\n\n<p class=\"has-accent-1-color has-text-color has-link-color wp-elements-aab3f04659607c05da66dc7b67ca21fe\" style=\"font-size:16px\">Schrijf je hier in voor de beginners cursus van de Nederlandse Genealogische Vereniging afdeling Betuwe. Meer informatie over de NGV vind je op ngv.nl. Daar kun je ook doorklikken naar de diverse afdelingen.<\/p>\n\n\n\n<p class=\"has-accent-1-color has-text-color has-link-color wp-elements-f1f0b40bdd9123e45e1296cfcb4bbab3\" style=\"font-size:16px\">Met deze cursus krijg je meer structuur aangereikt voor je onderzoek, wat vaak ook nuttig is voor meer geoefende onderzoekers.<\/p>\n\n\n\n<div class=\"wp-block-contact-form-7-contact-form-selector\">\n<div class=\"wpcf7 no-js\" id=\"wpcf7-f6544-o1\" lang=\"nl-NL\" dir=\"ltr\" data-wpcf7-id=\"6544\">\n<div class=\"screen-reader-response\"><p role=\"status\" aria-live=\"polite\" aria-atomic=\"true\"><\/p> <ul><\/ul><\/div>\n<form action=\"\/bet\/wp-json\/wp\/v2\/pages\/6568#wpcf7-f6544-o1\" method=\"post\" class=\"wpcf7-form init\" aria-label=\"Contactformulier\" novalidate=\"novalidate\" data-status=\"init\">\n<fieldset class=\"hidden-fields-container\"><input type=\"hidden\" name=\"_wpcf7\" value=\"6544\" \/><input type=\"hidden\" name=\"_wpcf7_version\" value=\"6.1.5\" \/><input type=\"hidden\" name=\"_wpcf7_locale\" value=\"nl_NL\" \/><input type=\"hidden\" name=\"_wpcf7_unit_tag\" value=\"wpcf7-f6544-o1\" \/><input type=\"hidden\" name=\"_wpcf7_container_post\" value=\"0\" \/><input type=\"hidden\" name=\"_wpcf7_posted_data_hash\" value=\"\" \/>\n<\/fieldset>\n<p>Naam: <label> <span class=\"wpcf7-form-control-wrap\" data-name=\"your-name\"><input size=\"40\" maxlength=\"400\" class=\"wpcf7-form-control wpcf7-text wpcf7-validates-as-required\" autocomplete=\"name\" aria-required=\"true\" aria-invalid=\"false\" placeholder=\"vul hier naam in\" value=\"\" type=\"text\" name=\"your-name\" \/><\/span> <\/label><br \/>\nAdres:<span class=\"wpcf7-form-control-wrap\" data-name=\"text-177\"><input size=\"40\" maxlength=\"50\" minlength=\"2\" class=\"wpcf7-form-control wpcf7-text adres\" aria-invalid=\"false\" placeholder=\"vul hier adres in\" value=\"\" type=\"text\" name=\"text-177\" \/><\/span><br \/>\nWoonplaats: <span class=\"wpcf7-form-control-wrap\" data-name=\"text-642\"><input size=\"40\" maxlength=\"50\" minlength=\"2\" class=\"wpcf7-form-control wpcf7-text plaats\" aria-invalid=\"false\" placeholder=\"vul hier woonplaats in\" value=\"\" type=\"text\" name=\"text-642\" \/><\/span><br \/>\nTelefoon: <span class=\"wpcf7-form-control-wrap\" data-name=\"tel-620\"><input size=\"40\" maxlength=\"10\" class=\"wpcf7-form-control wpcf7-tel wpcf7-text wpcf7-validates-as-tel tel\" aria-invalid=\"false\" placeholder=\"Je telefoonnummer\" value=\"\" type=\"tel\" name=\"tel-620\" \/><\/span><br \/>\nE-mailadres: <label> <span class=\"wpcf7-form-control-wrap\" data-name=\"your-email\"><input size=\"40\" maxlength=\"400\" class=\"wpcf7-form-control wpcf7-email wpcf7-validates-as-required wpcf7-text wpcf7-validates-as-email\" autocomplete=\"email\" aria-required=\"true\" aria-invalid=\"false\" value=\"\" type=\"email\" name=\"your-email\" \/><\/span> <\/label>\n<\/p>\n<p>Huidige status:\n<\/p>\n<p>Ervaring:<span class=\"wpcf7-form-control-wrap\" data-name=\"checkbox-979\"><span class=\"wpcf7-form-control wpcf7-checkbox ervaring\"><span class=\"wpcf7-list-item first\"><label><input type=\"checkbox\" name=\"checkbox-979[]\" value=\"Beginner\" \/><span class=\"wpcf7-list-item-label\">Beginner<\/span><\/label><\/span><span class=\"wpcf7-list-item last\"><label><input type=\"checkbox\" name=\"checkbox-979[]\" value=\"Ervaren\" \/><span class=\"wpcf7-list-item-label\">Ervaren<\/span><\/label><\/span><\/span><\/span><br \/>\nGebruik je al een genealogieprogramma: <span class=\"wpcf7-form-control-wrap\" data-name=\"radio-650\"><span class=\"wpcf7-form-control wpcf7-radio genpro\"><span class=\"wpcf7-list-item first\"><label><input type=\"radio\" name=\"radio-650\" value=\"Ja\" \/><span class=\"wpcf7-list-item-label\">Ja<\/span><\/label><\/span><span class=\"wpcf7-list-item last\"><label><input type=\"radio\" name=\"radio-650\" value=\"Nee\" \/><span class=\"wpcf7-list-item-label\">Nee<\/span><\/label><\/span><\/span><\/span><br \/>\nIndien \"Ja\", welk programma: <span class=\"wpcf7-form-control-wrap\" data-name=\"text-960\"><input size=\"40\" maxlength=\"25\" minlength=\"3\" class=\"wpcf7-form-control wpcf7-text nmprog\" aria-invalid=\"false\" placeholder=\"Indien &quot;Ja&quot;, vul hier naam in\" value=\"\" type=\"text\" name=\"text-960\" \/><\/span><br \/>\nBen je al lid van het N.G.V: <span class=\"wpcf7-form-control-wrap\" data-name=\"text-604\"><input size=\"40\" maxlength=\"7\" minlength=\"5\" class=\"wpcf7-form-control wpcf7-text lidnr\" aria-invalid=\"false\" placeholder=\"Indien &quot;Ja&quot;, vul je nummer hier in\" value=\"\" type=\"text\" name=\"text-604\" \/><\/span><br \/>\nWelk soort computer gebruik je: <span class=\"wpcf7-form-control-wrap\" data-name=\"checkbox-878\"><span class=\"wpcf7-form-control wpcf7-checkbox os\"><span class=\"wpcf7-list-item first\"><label><input type=\"checkbox\" name=\"checkbox-878[]\" value=\"Apple Mac\" \/><span class=\"wpcf7-list-item-label\">Apple Mac<\/span><\/label><\/span><span class=\"wpcf7-list-item\"><label><input type=\"checkbox\" name=\"checkbox-878[]\" value=\"Windows\" \/><span class=\"wpcf7-list-item-label\">Windows<\/span><\/label><\/span><span class=\"wpcf7-list-item last\"><label><input type=\"checkbox\" name=\"checkbox-878[]\" value=\"Anders\" \/><span class=\"wpcf7-list-item-label\">Anders<\/span><\/label><\/span><\/span><\/span><br \/>\nAls je anders hebt aangeklikt, welk: <span class=\"wpcf7-form-control-wrap\" data-name=\"text-568\"><input size=\"40\" maxlength=\"25\" class=\"wpcf7-form-control wpcf7-text oranders\" aria-invalid=\"false\" placeholder=\"Heb je anders aangeklikt welk dan?\" value=\"\" type=\"text\" name=\"text-568\" \/><\/span>\n<\/p>\n<p>Opmerking<label> Je eventuele opmerking (optioneel) <span class=\"wpcf7-form-control-wrap\" data-name=\"your-message\"><textarea cols=\"40\" rows=\"10\" maxlength=\"2000\" class=\"wpcf7-form-control wpcf7-textarea\" aria-invalid=\"false\" name=\"your-message\"><\/textarea><\/span> <\/label>\n<\/p>\n<p><input class=\"wpcf7-form-control wpcf7-submit has-spinner\" type=\"submit\" value=\"Verzenden\" \/>\n<\/p><div class=\"wpcf7-response-output\" aria-hidden=\"true\"><\/div>\n<\/form>\n<\/div>\n<\/div>\n\n\n\n<div class=\"wp-block-columns is-layout-flex wp-container-core-columns-is-layout-9d6595d7 wp-block-columns-is-layout-flex\">\n<div class=\"wp-block-column is-layout-flow wp-block-column-is-layout-flow\">\n<p class=\"has-accent-1-color has-text-color has-link-color wp-elements-ad1edc33e6cc24791bec050a867e984f\" style=\"font-size:16px\">We beginnen allemaal met GensDataPro3 om onze gegevens in op te slaan. <br>Ga naar <a href=\"https:\/\/www.gensdatapro.nl\">gensdatapro.nl om de gratis DEMO versie<\/a> van dit programma te downloaden en te installeren op je computer.<\/p>\n<\/div>\n<\/div>\n<\/div>\n\n\n\n<div class=\"wp-block-column is-layout-flow wp-block-column-is-layout-flow\" style=\"flex-basis:25%\"><\/div>\n<\/div>\n<\/div>\n<\/div>\n","protected":false},"excerpt":{"rendered":"<p>Cursus Stamboomonderzoek voor beginners \u2013 Voorjaar 2026 De cursus Stamboomonderzoek voor beginners bestaat uit 7 lessen. De eerste les is les 0. Deze krijg je v\u00f3\u00f3r 8 maart 2026 thuisgestuurd zodat je op de 1e lesavond op dinsdagavond 10 maart met het ge\u00efnstalleerd DEMO-programma GensDataPro3 kan beginnen. De laatste cursusavond &hellip;<\/p>\n","protected":false},"author":3,"featured_media":0,"parent":0,"menu_order":0,"comment_status":"closed","ping_status":"closed","template":"","meta":{"footnotes":""},"class_list":["post-6568","page","type-page","status-publish","hentry"],"yoast_head":"<!-- This site is optimized with the Yoast SEO plugin v27.4 - https:\/\/yoast.com\/product\/yoast-seo-wordpress\/ -->\n<title>Aanmeldformulier Beginnerscursus Genealogie &#8211;<\/title>\n<meta name=\"description\" content=\"Aanmeldformulier Beginnerscursus Genealogie NGV afdeling Betuwe &#8211; cursus stamboomonderzoek, stamreeks, genealogie, stamboomonderzoek, voorouderonderzoek, genealogy, betuwe, culemborg, historie, familiegeschiedenis, familysearch\" \/>\n<meta name=\"robots\" content=\"index, follow, max-snippet:-1, max-image-preview:large, max-video-preview:-1\" \/>\n<link rel=\"canonical\" href=\"https:\/\/www.ngv-afdelingen.nl\/bet\/aanmeldformulier-beginnerscursus-genealogie\/\" \/>\n<meta property=\"og:locale\" content=\"nl_NL\" \/>\n<meta property=\"og:type\" content=\"article\" \/>\n<meta property=\"og:title\" content=\"Aanmeldformulier Beginnerscursus Genealogie &#8211;\" \/>\n<meta property=\"og:description\" content=\"Aanmeldformulier Beginnerscursus Genealogie NGV afdeling Betuwe &#8211; cursus stamboomonderzoek, stamreeks, genealogie, stamboomonderzoek, voorouderonderzoek, genealogy, betuwe, culemborg, historie, familiegeschiedenis, familysearch\" \/>\n<meta property=\"og:url\" content=\"https:\/\/www.ngv-afdelingen.nl\/bet\/aanmeldformulier-beginnerscursus-genealogie\/\" \/>\n<meta property=\"og:site_name\" content=\"NGV afdeling Betuwe\" \/>\n<meta property=\"article:publisher\" content=\"https:\/\/www.facebook.com\/people\/NGV-Afdeling-Betuwe\/100064836245128\/\" \/>\n<meta property=\"article:modified_time\" content=\"2026-01-29T13:19:09+00:00\" \/>\n<meta name=\"twitter:card\" content=\"summary_large_image\" \/>\n<meta name=\"twitter:site\" content=\"@NGV_BET\" \/>\n<meta name=\"twitter:label1\" content=\"Geschatte leestijd\" \/>\n\t<meta name=\"twitter:data1\" content=\"1 minuut\" \/>\n<script type=\"application\/ld+json\" class=\"yoast-schema-graph\">{\"@context\":\"https:\\\/\\\/schema.org\",\"@graph\":[{\"@type\":\"Article\",\"@id\":\"https:\\\/\\\/www.ngv-afdelingen.nl\\\/bet\\\/aanmeldformulier-beginnerscursus-genealogie\\\/#article\",\"isPartOf\":{\"@id\":\"https:\\\/\\\/www.ngv-afdelingen.nl\\\/bet\\\/aanmeldformulier-beginnerscursus-genealogie\\\/\"},\"author\":{\"name\":\"webredacteur-bet\",\"@id\":\"https:\\\/\\\/www.ngv-afdelingen.nl\\\/bet\\\/#\\\/schema\\\/person\\\/faaa2061457b980a2e025e7c6dcaa203\"},\"headline\":\"Aanmeldformulier Beginnerscursus Genealogie\",\"datePublished\":\"2025-02-15T12:00:30+00:00\",\"dateModified\":\"2026-01-29T13:19:09+00:00\",\"mainEntityOfPage\":{\"@id\":\"https:\\\/\\\/www.ngv-afdelingen.nl\\\/bet\\\/aanmeldformulier-beginnerscursus-genealogie\\\/\"},\"wordCount\":195,\"publisher\":{\"@id\":\"https:\\\/\\\/www.ngv-afdelingen.nl\\\/bet\\\/#organization\"},\"inLanguage\":\"nl-NL\"},{\"@type\":[\"WebPage\",\"ItemPage\"],\"@id\":\"https:\\\/\\\/www.ngv-afdelingen.nl\\\/bet\\\/aanmeldformulier-beginnerscursus-genealogie\\\/\",\"url\":\"https:\\\/\\\/www.ngv-afdelingen.nl\\\/bet\\\/aanmeldformulier-beginnerscursus-genealogie\\\/\",\"name\":\"Aanmeldformulier Beginnerscursus Genealogie &#8211;\",\"isPartOf\":{\"@id\":\"https:\\\/\\\/www.ngv-afdelingen.nl\\\/bet\\\/#website\"},\"datePublished\":\"2025-02-15T12:00:30+00:00\",\"dateModified\":\"2026-01-29T13:19:09+00:00\",\"description\":\"Aanmeldformulier Beginnerscursus Genealogie NGV afdeling Betuwe &#8211; cursus stamboomonderzoek, stamreeks, genealogie, stamboomonderzoek, voorouderonderzoek, genealogy, betuwe, culemborg, historie, familiegeschiedenis, familysearch\",\"breadcrumb\":{\"@id\":\"https:\\\/\\\/www.ngv-afdelingen.nl\\\/bet\\\/aanmeldformulier-beginnerscursus-genealogie\\\/#breadcrumb\"},\"inLanguage\":\"nl-NL\",\"potentialAction\":[{\"@type\":\"ReadAction\",\"target\":[\"https:\\\/\\\/www.ngv-afdelingen.nl\\\/bet\\\/aanmeldformulier-beginnerscursus-genealogie\\\/\"]}]},{\"@type\":\"BreadcrumbList\",\"@id\":\"https:\\\/\\\/www.ngv-afdelingen.nl\\\/bet\\\/aanmeldformulier-beginnerscursus-genealogie\\\/#breadcrumb\",\"itemListElement\":[{\"@type\":\"ListItem\",\"position\":1,\"name\":\"Home\",\"item\":\"https:\\\/\\\/www.ngv-afdelingen.nl\\\/bet\\\/\"},{\"@type\":\"ListItem\",\"position\":2,\"name\":\"Aanmeldformulier Beginnerscursus Genealogie\"}]},{\"@type\":\"WebSite\",\"@id\":\"https:\\\/\\\/www.ngv-afdelingen.nl\\\/bet\\\/#website\",\"url\":\"https:\\\/\\\/www.ngv-afdelingen.nl\\\/bet\\\/\",\"name\":\"http:\\\/\\\/ngv-afdelingen.nl\\\/bet\\\/\",\"description\":\"\",\"publisher\":{\"@id\":\"https:\\\/\\\/www.ngv-afdelingen.nl\\\/bet\\\/#organization\"},\"alternateName\":\"ngv afdeling betuwe\",\"potentialAction\":[{\"@type\":\"SearchAction\",\"target\":{\"@type\":\"EntryPoint\",\"urlTemplate\":\"https:\\\/\\\/www.ngv-afdelingen.nl\\\/bet\\\/?s={search_term_string}\"},\"query-input\":{\"@type\":\"PropertyValueSpecification\",\"valueRequired\":true,\"valueName\":\"search_term_string\"}}],\"inLanguage\":\"nl-NL\"},{\"@type\":\"Organization\",\"@id\":\"https:\\\/\\\/www.ngv-afdelingen.nl\\\/bet\\\/#organization\",\"name\":\"Nederlandse Genealogische Vereniging\",\"url\":\"https:\\\/\\\/www.ngv-afdelingen.nl\\\/bet\\\/\",\"logo\":{\"@type\":\"ImageObject\",\"inLanguage\":\"nl-NL\",\"@id\":\"https:\\\/\\\/www.ngv-afdelingen.nl\\\/bet\\\/#\\\/schema\\\/logo\\\/image\\\/\",\"url\":\"https:\\\/\\\/www.ngv-afdelingen.nl\\\/bet\\\/wp-content\\\/uploads\\\/2026\\\/03\\\/20260309-logo-900-80-NGV.jpg\",\"contentUrl\":\"https:\\\/\\\/www.ngv-afdelingen.nl\\\/bet\\\/wp-content\\\/uploads\\\/2026\\\/03\\\/20260309-logo-900-80-NGV.jpg\",\"width\":900,\"height\":493,\"caption\":\"Nederlandse Genealogische Vereniging\"},\"image\":{\"@id\":\"https:\\\/\\\/www.ngv-afdelingen.nl\\\/bet\\\/#\\\/schema\\\/logo\\\/image\\\/\"},\"sameAs\":[\"https:\\\/\\\/www.facebook.com\\\/people\\\/NGV-Afdeling-Betuwe\\\/100064836245128\\\/\",\"https:\\\/\\\/x.com\\\/NGV_BET\"]},{\"@type\":\"Person\",\"@id\":\"https:\\\/\\\/www.ngv-afdelingen.nl\\\/bet\\\/#\\\/schema\\\/person\\\/faaa2061457b980a2e025e7c6dcaa203\",\"name\":\"webredacteur-bet\",\"url\":\"https:\\\/\\\/www.ngv-afdelingen.nl\\\/bet\\\/author\\\/webredacteur-bet\\\/\"}]}<\/script>\n<!-- \/ Yoast SEO plugin. -->","yoast_head_json":{"title":"Aanmeldformulier Beginnerscursus Genealogie &#8211;","description":"Aanmeldformulier Beginnerscursus Genealogie NGV afdeling Betuwe &#8211; cursus stamboomonderzoek, stamreeks, genealogie, stamboomonderzoek, voorouderonderzoek, genealogy, betuwe, culemborg, historie, familiegeschiedenis, familysearch","robots":{"index":"index","follow":"follow","max-snippet":"max-snippet:-1","max-image-preview":"max-image-preview:large","max-video-preview":"max-video-preview:-1"},"canonical":"https:\/\/www.ngv-afdelingen.nl\/bet\/aanmeldformulier-beginnerscursus-genealogie\/","og_locale":"nl_NL","og_type":"article","og_title":"Aanmeldformulier Beginnerscursus Genealogie &#8211;","og_description":"Aanmeldformulier Beginnerscursus Genealogie NGV afdeling Betuwe &#8211; cursus stamboomonderzoek, stamreeks, genealogie, stamboomonderzoek, voorouderonderzoek, genealogy, betuwe, culemborg, historie, familiegeschiedenis, familysearch","og_url":"https:\/\/www.ngv-afdelingen.nl\/bet\/aanmeldformulier-beginnerscursus-genealogie\/","og_site_name":"NGV afdeling Betuwe","article_publisher":"https:\/\/www.facebook.com\/people\/NGV-Afdeling-Betuwe\/100064836245128\/","article_modified_time":"2026-01-29T13:19:09+00:00","twitter_card":"summary_large_image","twitter_site":"@NGV_BET","twitter_misc":{"Geschatte leestijd":"1 minuut"},"schema":{"@context":"https:\/\/schema.org","@graph":[{"@type":"Article","@id":"https:\/\/www.ngv-afdelingen.nl\/bet\/aanmeldformulier-beginnerscursus-genealogie\/#article","isPartOf":{"@id":"https:\/\/www.ngv-afdelingen.nl\/bet\/aanmeldformulier-beginnerscursus-genealogie\/"},"author":{"name":"webredacteur-bet","@id":"https:\/\/www.ngv-afdelingen.nl\/bet\/#\/schema\/person\/faaa2061457b980a2e025e7c6dcaa203"},"headline":"Aanmeldformulier Beginnerscursus Genealogie","datePublished":"2025-02-15T12:00:30+00:00","dateModified":"2026-01-29T13:19:09+00:00","mainEntityOfPage":{"@id":"https:\/\/www.ngv-afdelingen.nl\/bet\/aanmeldformulier-beginnerscursus-genealogie\/"},"wordCount":195,"publisher":{"@id":"https:\/\/www.ngv-afdelingen.nl\/bet\/#organization"},"inLanguage":"nl-NL"},{"@type":["WebPage","ItemPage"],"@id":"https:\/\/www.ngv-afdelingen.nl\/bet\/aanmeldformulier-beginnerscursus-genealogie\/","url":"https:\/\/www.ngv-afdelingen.nl\/bet\/aanmeldformulier-beginnerscursus-genealogie\/","name":"Aanmeldformulier Beginnerscursus Genealogie &#8211;","isPartOf":{"@id":"https:\/\/www.ngv-afdelingen.nl\/bet\/#website"},"datePublished":"2025-02-15T12:00:30+00:00","dateModified":"2026-01-29T13:19:09+00:00","description":"Aanmeldformulier Beginnerscursus Genealogie NGV afdeling Betuwe &#8211; cursus stamboomonderzoek, stamreeks, genealogie, stamboomonderzoek, voorouderonderzoek, genealogy, betuwe, culemborg, historie, familiegeschiedenis, familysearch","breadcrumb":{"@id":"https:\/\/www.ngv-afdelingen.nl\/bet\/aanmeldformulier-beginnerscursus-genealogie\/#breadcrumb"},"inLanguage":"nl-NL","potentialAction":[{"@type":"ReadAction","target":["https:\/\/www.ngv-afdelingen.nl\/bet\/aanmeldformulier-beginnerscursus-genealogie\/"]}]},{"@type":"BreadcrumbList","@id":"https:\/\/www.ngv-afdelingen.nl\/bet\/aanmeldformulier-beginnerscursus-genealogie\/#breadcrumb","itemListElement":[{"@type":"ListItem","position":1,"name":"Home","item":"https:\/\/www.ngv-afdelingen.nl\/bet\/"},{"@type":"ListItem","position":2,"name":"Aanmeldformulier Beginnerscursus Genealogie"}]},{"@type":"WebSite","@id":"https:\/\/www.ngv-afdelingen.nl\/bet\/#website","url":"https:\/\/www.ngv-afdelingen.nl\/bet\/","name":"http:\/\/ngv-afdelingen.nl\/bet\/","description":"","publisher":{"@id":"https:\/\/www.ngv-afdelingen.nl\/bet\/#organization"},"alternateName":"ngv afdeling betuwe","potentialAction":[{"@type":"SearchAction","target":{"@type":"EntryPoint","urlTemplate":"https:\/\/www.ngv-afdelingen.nl\/bet\/?s={search_term_string}"},"query-input":{"@type":"PropertyValueSpecification","valueRequired":true,"valueName":"search_term_string"}}],"inLanguage":"nl-NL"},{"@type":"Organization","@id":"https:\/\/www.ngv-afdelingen.nl\/bet\/#organization","name":"Nederlandse Genealogische Vereniging","url":"https:\/\/www.ngv-afdelingen.nl\/bet\/","logo":{"@type":"ImageObject","inLanguage":"nl-NL","@id":"https:\/\/www.ngv-afdelingen.nl\/bet\/#\/schema\/logo\/image\/","url":"https:\/\/www.ngv-afdelingen.nl\/bet\/wp-content\/uploads\/2026\/03\/20260309-logo-900-80-NGV.jpg","contentUrl":"https:\/\/www.ngv-afdelingen.nl\/bet\/wp-content\/uploads\/2026\/03\/20260309-logo-900-80-NGV.jpg","width":900,"height":493,"caption":"Nederlandse Genealogische Vereniging"},"image":{"@id":"https:\/\/www.ngv-afdelingen.nl\/bet\/#\/schema\/logo\/image\/"},"sameAs":["https:\/\/www.facebook.com\/people\/NGV-Afdeling-Betuwe\/100064836245128\/","https:\/\/x.com\/NGV_BET"]},{"@type":"Person","@id":"https:\/\/www.ngv-afdelingen.nl\/bet\/#\/schema\/person\/faaa2061457b980a2e025e7c6dcaa203","name":"webredacteur-bet","url":"https:\/\/www.ngv-afdelingen.nl\/bet\/author\/webredacteur-bet\/"}]}},"_links":{"self":[{"href":"https:\/\/www.ngv-afdelingen.nl\/bet\/wp-json\/wp\/v2\/pages\/6568","targetHints":{"allow":["GET"]}}],"collection":[{"href":"https:\/\/www.ngv-afdelingen.nl\/bet\/wp-json\/wp\/v2\/pages"}],"about":[{"href":"https:\/\/www.ngv-afdelingen.nl\/bet\/wp-json\/wp\/v2\/types\/page"}],"author":[{"embeddable":true,"href":"https:\/\/www.ngv-afdelingen.nl\/bet\/wp-json\/wp\/v2\/users\/3"}],"replies":[{"embeddable":true,"href":"https:\/\/www.ngv-afdelingen.nl\/bet\/wp-json\/wp\/v2\/comments?post=6568"}],"version-history":[{"count":9,"href":"https:\/\/www.ngv-afdelingen.nl\/bet\/wp-json\/wp\/v2\/pages\/6568\/revisions"}],"predecessor-version":[{"id":8013,"href":"https:\/\/www.ngv-afdelingen.nl\/bet\/wp-json\/wp\/v2\/pages\/6568\/revisions\/8013"}],"wp:attachment":[{"href":"https:\/\/www.ngv-afdelingen.nl\/bet\/wp-json\/wp\/v2\/media?parent=6568"}],"curies":[{"name":"wp","href":"https:\/\/api.w.org\/{rel}","templated":true}]}}