{"id":157,"date":"2021-01-25T22:57:37","date_gmt":"2021-01-25T22:57:37","guid":{"rendered":"http:\/\/ngv-gooiland.nl\/?page_id=157"},"modified":"2023-12-23T14:18:46","modified_gmt":"2023-12-23T13:18:46","slug":"het-gooi-algemeen","status":"publish","type":"page","link":"https:\/\/www.ngv-afdelingen.nl\/goi\/het-gooi-algemeen\/","title":{"rendered":"Het Gooi algemeen"},"content":{"rendered":"<p>Onderzoek in Koptienden registers 1504 \u2026 1805<br \/>\nAl in de zestiger jaren onderkende de heer P.W. de Lange het belang van deze registers.<br \/>\nHij schreef in een vijftal schriften de namen over uit de gaarderboeken en wel van de jaren 1504, 1537, 1566, 1593, 1622, 1651, 1680, 1708 en 1740 van alle gemeenten van Het Gooi.<br \/>\nVan Hilversum schreef hij bovendien de jaargangen 1772 en 1805 over. De intervallen gaan uit van de stelling dat elke generatie ongeveer 30 jaar omvat.<br \/>\nOnlangs besloten wij; na overleg met Mw. Abrahamse van het Streekarchief Gooi en Vechtstreek; het werk van de heer De Lange toegankelijker te maken door de vijf schriften met namen alsnog in een computer in te voeren. Door toepassing van standaardcodes voor voor- en achternamen hebben wij een index gemaakt, waarin de naamvarianten bijeen staan.<\/p>\n<p>Deze klapper bestaat uit twee delen:<br \/>\n<a href=\"https:\/\/www.ngv-afdelingen.nl\/goi\/wp-content\/uploads\/2021\/01\/gooiland-koptvoorindx.pdf\" target=\"_blank\" rel=\"noopener noreferrer\">Index op voornaam<\/a><br \/>\n<a href=\"https:\/\/www.ngv-afdelingen.nl\/goi\/wp-content\/uploads\/2021\/01\/gooiland-koptachtindx.pdf\" target=\"_blank\" rel=\"noopener noreferrer\">Index op achternaam<\/a><\/p>\n<h6>ERFGOOIERS<\/h6>\n<p>Als op 28 april 1979 de laatste algemene ledenvergadering in de Grote Kerk van Naarden wordt gehouden, komt een einde aan een eeuwenoud instituut, laatstgenoemd <em>\u201cVereniging van Stad en Lande van Gooiland\u201d<\/em>; in de volksmond <em>\u201cDe ERFGOOIERS\u201d.<\/em><\/p>\n<p>Wie waren die <em>Erfgooiers?<\/em><br \/>\nDr. A.C.J. de Vrankrijker formuleerde het als volgt:<br \/>\n\u201cEen Erfgooier is elke meerderjarige man, die in mannelijke linie afstamt van de Gooiers die omstreeks het jaar 1300 van de Graaf van Holland het recht kregen om aan die graaf behorende grond zonder betaling van pacht te gebruiken. Hij werd als zodanig ingeschreven als hij in een van de Gooise gemeenten woonde\u201d.<\/p>\n<p>In tegenstelling tot het einde van <em>\u201cDe Erfgooiers\u201d<\/em> is het begin zeer nevelig. Het eerste duidelijke schriftelijke teken van het bestaan van een \u201cmarkegenootschap\u201d dateert van 1326. In dat jaar ontvangen de Gooiers een brief van Graaf Willem III waarin in modern Nederlands weergegeven het volgende staat:<br \/>\nOns is ter ore gekomen dat gij twee Raadslieden van het ghemeene land benoemd hebt en met hen het volgende hebt afgesproken:<br \/>\n\u2022 Telkens als zij de hoorn blazen moet gij allen tezamen komen en degene die niet komt, moet een boete betalen.<br \/>\n\u2022 Alles wat in de bijeenkomst wordt afgesproken, zal van kracht blijven. Maar omdat wij nergens in den lande zulke bijeenkomsten toestaan en willen en overal verboden hebben, gelasten wij u en willen wij dat gij geen bijeenkomsten bijeenroept noch op de hoorn blaast tenzij door onze baljuw of onze schout.<\/p>\n<p>De Gooiers kwamen dus regelmatig bijeen en maakten afspraken over het gebruik van de <em>ghemeene <\/em>landen Dit mocht slechts na toestemming van de graaf of een van zijn vertegenwoordigers. De graaf wilde als eigenlijke grondheer bij het nemen van dergelijke besluiten niet gepasseerd worden.<\/p>\n<p>Uit allerlei stukken valt te concluderen dat de Gooiers het recht van gebruik hadden van zo genoemde gemene (= gemeenschappelijke) gronden.<br \/>\nAanvankelijk bestonden deze gemene gronden uit alle gemeenschappelijke gronden voor zover niet bebost. Later werden hiermee alleen de daartoe behorende weilanden de meenten bedoeld. Voortdurend waren er conflicten over het gebruik en de dreigende verdeling van deze gemene gronden.<\/p>\n<p>Regelmatig werden de Gooiers door de machthebbers teruggefloten. Pas in 1912 worden door middel van een speciale wet de erfgooierswet de rechten en plichten en het lidmaatschap in detail geregeld.<\/p>\n<p>In de loop der eeuwen verschenen regelmatig reglementen de zgn. schaarbrieven waarin allerlei zaken werden geregeld.<\/p>\n<p>Enige jaartallen:<\/p>\n<table style=\"background-color: #fcfcfc;\">\n<tbody>\n<tr>\n<td>1404<\/td>\n<td>Eerste schaarbrief<br \/>\nDe meenten blijven onverdeeld.<br \/>\nDe schaarrechten worden toegekend aan de daartoe gerechtigden. (een schaar is de hoeveelheid weidegrond, nodig om \u00e9\u00e9n koe te voeden)<br \/>\nUitsluitend aan in het Gooi wonenden<\/td>\n<\/tr>\n<tr>\n<td>1442<\/td>\n<td>Tweede schaarbrief<br \/>\nUitsluiting van o.a. de Stichtenaren<br \/>\nSchaarrecht is 8 koeien<br \/>\nDoor ontstaan van de heiden:<br \/>\nRecht op schapen weiden voor de Hilversummers en de Laarders (Zij woonden ver van de meentgronden en kregen dit recht ter compensatie)<br \/>\nRecht op het turf steken, biezen snijden en heide maaien wordt geregeld.<\/td>\n<\/tr>\n<tr>\n<td>1455<\/td>\n<td>Derde schaarbrief<br \/>\nToegevoegd: Lieden uit het Sticht mogen zich niet in het Gooi vestigen<br \/>\nToegevoegd: Weduwen van Stichtse afkomst verliezen elk recht op meentgronden.<\/td>\n<\/tr>\n<\/tbody>\n<\/table>\n<p>Vierde schaarbrief<br \/>\nVijfde schaarbrief<br \/>\nEnzovoorts<\/p>\n<h6>Ledenlijst 1708<\/h6>\n<p>Rond 1700 ontstond weer eens een conflict over de schaarrechten met Fran\u00e7ois Hinlopen, eigenaar van het landgoed Oud Bussem. Op dit landgoed bevonden zich twee boerenhoeven waarvan slechts \u00e9\u00e9n vanouds schaarrecht had. Hinlopen meende echter ook voor de tweede boerderij schaarrecht te kunnen claimen. De kwestie liep hoog op en kwam ter behandeling bij de Staten van Holland terecht.<br \/>\nDe Staten namen daarop twee belangrijke beslissingen:<\/p>\n<ul>\n<li>Er moet een kaart van Gooiland gemaakt worden met daarop een aanduiding van de gemene gronden.<br \/>\nDeze kaart is door Justus van Broeckhuysen en Freye Klaasz Boelhouwer vervaardigd en in 1709 gereed gekomen.<\/li>\n<li>Er moet per woonplaats een lijst van gerechtigden gemaakt worden.<br \/>\nDeze lijst was in 1708 klaar en bevatte 1088 namen van gerechtigden waarvan 624 niet-scharenden (erfgooiers zonder vee).<br \/>\nIedereen, die zich gerechtigd achtte erfgooier te zijn diende aan te tonen af te stammen van een op de lijst voorkomende persoon.<\/li>\n<\/ul>\n<p>Het is dus voor het eerst dat erfgooiers expliciet met naam worden genoemd.<br \/>\nWie mocht menen dat hiermee alle problemen waren opgelost, wordt na bestudering van de historie echter teleurgesteld.<br \/>\nDe kern van het probleem was de organisatie van het bestuur. In de 19e eeuw bestond het bestuur uit vertegenwoordigers van de gemeenten, die dikwijls de belangen van de gemeenten lieten prevaleren boven de belangen van de erfgooiers. Van een jaarlijkse algemene vergadering met af te leggen rekening en verantwoording aan de leden was geen sprake.<\/p>\n<p>Rond 1900 ontstonden weer nieuwe conflicten over het beheer van de gemene gronden. Er ontstond zelfs een nieuwe vereniging die namens de erfgooiers rechten claimden over het beheer van o.a. de meenten. Dit liep zo hoog op dat bij ontstane rellen een dode viel.<br \/>\nDaarop bemoeide de Tweede Kamer zich met het conflict en er werd na enig politiek geharrewar besloten een wetsontwerp op te stellen dat alle belangen zo veel mogelijk zou respecteren. Op 14 maart 1912 werd door de Tweede Kamer en op 24 april door de Eerste Kamer een wet aangenomen.<br \/>\n<em>\u201cWet van den 25sten april 1912, Staatsblad 149, tot vaststelling van de regelen betrekkelijk den rechtstoestand der vanouds genaamde gemeene heiden en weiden van Gooiland<\/em>\u201d<\/p>\n<p>De wet kent de \u201cVereniging Stad en Lande van Gooiland\u201d.<br \/>\nHet doel van de vereniging is het bevorderen van de welvaart van die van Gooiland in het algemeen en de erfgooiers in het bijzonder, bepaaldelijk met het oog op landbouwbedrijf.<br \/>\nJaarlijks wordt door het bestuur een ledenlijst vastgesteld. Iedereen kon op de ledenlijst geplaatst worden onder overlegging van bewijsstukken.<br \/>\nVoorwaarden tot plaatsing op de lijst waren:<\/p>\n<ul>\n<li>afstamming in mannelijke linie van een degenen, die voorkomt op een eerder opgemaakte lijst.<\/li>\n<li>wonend in een der Gooise gemeenten.<\/li>\n<li>meerderjarig en van het mannelijk geslacht.<\/li>\n<\/ul>\n<p>Scharend lid konden alleen zij worden:<\/p>\n<ul>\n<li>die een boerenbedrijf als hoofdbedrijf voerden,<\/li>\n<li>gehuwd waren,<\/li>\n<li>eigen stalling of erf in het Gooi hadden of huurden en daarin regelmatig \u2018s winters eigen melkvee of paarden hadden.<\/li>\n<\/ul>\n<p>Vanaf 1912 zijn er per jaar ledenlijsten opgemaakt gesorteerd per Gooise gemeente.<\/p>\n<p>Toen in 1933 door Stad en Lande 1524 ha. bos en heide aan De Stichting Gooisch Natuurreservaat werd verkocht ontstond weer een grote opwinding onder de Gooiers. Iedere erfgooier ontving namelijk \u0192566,04 uit de opbrengst van ca. twee miljoen gulden.<br \/>\nIn drie jaar tijds steeg het aantal erfgooiers van 850 naar 2973 leden. Deze eenmalige uitkering was voor vele niet scharende \u201cslapende\u201d erfgooiers aanleiding om alsnog lid te worden. Na de tweede wereldoorlog kwam o.a. door de grote woningnood en de daarbij behorende behoefte aan woningbouwgrond het einde van de vereniging in zicht. Het bestuur voerde daarom vanaf 1966 een ontbindingsbeleid. Er werd grond verkocht aan Rijk en gemeenten. Een deel van de gronden werd verkocht aan scharende leden. De resterende gronden werden verkocht aan het Gooisch Natuurreservaat, de NOS en anderen. Alle leden voorkomende op de ledenlijst van 1971 ontvingen tussen 1973 en 1979 in verschillende termijnen ca. \u0192 5200,- slotuitkering. Om de geest van Stad en Lande levendig te houden en als beheerder van de archieven, werd op 11 november 1977 de Stichting Stad en Lande van Gooiland opgericht.<br \/>\nDe archieven bevinden zich thans in het Stadsarchief te Naarden.<\/p>\n","protected":false},"excerpt":{"rendered":"<p>Onderzoek in Koptienden registers 1504 \u2026 1805 Al in de zestiger jaren onderkende de heer P.W. de Lange het belang van deze registers. Hij schreef in een vijftal schriften de namen over uit de gaarderboeken en wel van de jaren 1504, 1537, 1566, 1593, 1622, 1651, 1680, 1708 en 1740 &hellip;<\/p>\n","protected":false},"author":1,"featured_media":0,"parent":0,"menu_order":0,"comment_status":"closed","ping_status":"closed","template":"","meta":{"footnotes":""},"class_list":["post-157","page","type-page","status-publish","hentry"],"yoast_head":"<!-- This site is optimized with the Yoast SEO plugin v27.5 - https:\/\/yoast.com\/product\/yoast-seo-wordpress\/ -->\n<title>Het Gooi algemeen - Gooiland<\/title>\n<meta name=\"description\" content=\"Het Gooi algemeen. Onderzoek in Koptienden registers 1504 \u2026 1805. Vereniging Stad en Lande van Gooiland.\" \/>\n<meta name=\"robots\" content=\"index, follow, max-snippet:-1, max-image-preview:large, max-video-preview:-1\" \/>\n<link rel=\"canonical\" href=\"https:\/\/www.ngv-afdelingen.nl\/goi\/het-gooi-algemeen\/\" \/>\n<meta property=\"og:locale\" content=\"nl_NL\" \/>\n<meta property=\"og:type\" content=\"article\" \/>\n<meta property=\"og:title\" content=\"Het Gooi algemeen - Gooiland\" \/>\n<meta property=\"og:description\" content=\"Het Gooi algemeen. Onderzoek in Koptienden registers 1504 \u2026 1805. Vereniging Stad en Lande van Gooiland.\" \/>\n<meta property=\"og:url\" content=\"https:\/\/www.ngv-afdelingen.nl\/goi\/het-gooi-algemeen\/\" \/>\n<meta property=\"og:site_name\" content=\"Gooiland\" \/>\n<meta property=\"article:publisher\" content=\"https:\/\/www.facebook.com\/profile.php?id=100091245386301\" \/>\n<meta property=\"article:modified_time\" content=\"2023-12-23T13:18:46+00:00\" \/>\n<meta name=\"twitter:card\" content=\"summary_large_image\" \/>\n<meta name=\"twitter:site\" content=\"@NGV_GOOI\" \/>\n<meta name=\"twitter:label1\" content=\"Verwachte leestijd\" \/>\n\t<meta name=\"twitter:data1\" content=\"7 minuten\" \/>\n<script type=\"application\/ld+json\" class=\"yoast-schema-graph\">{\"@context\":\"https:\\\/\\\/schema.org\",\"@graph\":[{\"@type\":\"WebPage\",\"@id\":\"https:\\\/\\\/www.ngv-afdelingen.nl\\\/goi\\\/het-gooi-algemeen\\\/\",\"url\":\"https:\\\/\\\/www.ngv-afdelingen.nl\\\/goi\\\/het-gooi-algemeen\\\/\",\"name\":\"Het Gooi algemeen - Gooiland\",\"isPartOf\":{\"@id\":\"https:\\\/\\\/www.ngv-afdelingen.nl\\\/goi\\\/#website\"},\"datePublished\":\"2021-01-25T22:57:37+00:00\",\"dateModified\":\"2023-12-23T13:18:46+00:00\",\"description\":\"Het Gooi algemeen. Onderzoek in Koptienden registers 1504 \u2026 1805. Vereniging Stad en Lande van Gooiland.\",\"breadcrumb\":{\"@id\":\"https:\\\/\\\/www.ngv-afdelingen.nl\\\/goi\\\/het-gooi-algemeen\\\/#breadcrumb\"},\"inLanguage\":\"nl-NL\",\"potentialAction\":[{\"@type\":\"ReadAction\",\"target\":[\"https:\\\/\\\/www.ngv-afdelingen.nl\\\/goi\\\/het-gooi-algemeen\\\/\"]}]},{\"@type\":\"BreadcrumbList\",\"@id\":\"https:\\\/\\\/www.ngv-afdelingen.nl\\\/goi\\\/het-gooi-algemeen\\\/#breadcrumb\",\"itemListElement\":[{\"@type\":\"ListItem\",\"position\":1,\"name\":\"Home\",\"item\":\"https:\\\/\\\/www.ngv-afdelingen.nl\\\/goi\\\/\"},{\"@type\":\"ListItem\",\"position\":2,\"name\":\"Het Gooi algemeen\"}]},{\"@type\":\"WebSite\",\"@id\":\"https:\\\/\\\/www.ngv-afdelingen.nl\\\/goi\\\/#website\",\"url\":\"https:\\\/\\\/www.ngv-afdelingen.nl\\\/goi\\\/\",\"name\":\"NGV afdeling Gooiland\",\"description\":\"\",\"publisher\":{\"@id\":\"https:\\\/\\\/www.ngv-afdelingen.nl\\\/goi\\\/#organization\"},\"potentialAction\":[{\"@type\":\"SearchAction\",\"target\":{\"@type\":\"EntryPoint\",\"urlTemplate\":\"https:\\\/\\\/www.ngv-afdelingen.nl\\\/goi\\\/?s={search_term_string}\"},\"query-input\":{\"@type\":\"PropertyValueSpecification\",\"valueRequired\":true,\"valueName\":\"search_term_string\"}}],\"inLanguage\":\"nl-NL\"},{\"@type\":\"Organization\",\"@id\":\"https:\\\/\\\/www.ngv-afdelingen.nl\\\/goi\\\/#organization\",\"name\":\"NGV Gooiland\",\"url\":\"https:\\\/\\\/www.ngv-afdelingen.nl\\\/goi\\\/\",\"logo\":{\"@type\":\"ImageObject\",\"inLanguage\":\"nl-NL\",\"@id\":\"https:\\\/\\\/www.ngv-afdelingen.nl\\\/goi\\\/#\\\/schema\\\/logo\\\/image\\\/\",\"url\":\"https:\\\/\\\/www.ngv-afdelingen.nl\\\/goi\\\/wp-content\\\/uploads\\\/2022\\\/10\\\/logo-1024x541-1.png\",\"contentUrl\":\"https:\\\/\\\/www.ngv-afdelingen.nl\\\/goi\\\/wp-content\\\/uploads\\\/2022\\\/10\\\/logo-1024x541-1.png\",\"width\":1024,\"height\":541,\"caption\":\"NGV Gooiland\"},\"image\":{\"@id\":\"https:\\\/\\\/www.ngv-afdelingen.nl\\\/goi\\\/#\\\/schema\\\/logo\\\/image\\\/\"},\"sameAs\":[\"https:\\\/\\\/www.facebook.com\\\/profile.php?id=100091245386301\",\"https:\\\/\\\/x.com\\\/NGV_GOOI\"]}]}<\/script>\n<!-- \/ Yoast SEO plugin. -->","yoast_head_json":{"title":"Het Gooi algemeen - Gooiland","description":"Het Gooi algemeen. Onderzoek in Koptienden registers 1504 \u2026 1805. Vereniging Stad en Lande van Gooiland.","robots":{"index":"index","follow":"follow","max-snippet":"max-snippet:-1","max-image-preview":"max-image-preview:large","max-video-preview":"max-video-preview:-1"},"canonical":"https:\/\/www.ngv-afdelingen.nl\/goi\/het-gooi-algemeen\/","og_locale":"nl_NL","og_type":"article","og_title":"Het Gooi algemeen - Gooiland","og_description":"Het Gooi algemeen. Onderzoek in Koptienden registers 1504 \u2026 1805. Vereniging Stad en Lande van Gooiland.","og_url":"https:\/\/www.ngv-afdelingen.nl\/goi\/het-gooi-algemeen\/","og_site_name":"Gooiland","article_publisher":"https:\/\/www.facebook.com\/profile.php?id=100091245386301","article_modified_time":"2023-12-23T13:18:46+00:00","twitter_card":"summary_large_image","twitter_site":"@NGV_GOOI","twitter_misc":{"Verwachte leestijd":"7 minuten"},"schema":{"@context":"https:\/\/schema.org","@graph":[{"@type":"WebPage","@id":"https:\/\/www.ngv-afdelingen.nl\/goi\/het-gooi-algemeen\/","url":"https:\/\/www.ngv-afdelingen.nl\/goi\/het-gooi-algemeen\/","name":"Het Gooi algemeen - Gooiland","isPartOf":{"@id":"https:\/\/www.ngv-afdelingen.nl\/goi\/#website"},"datePublished":"2021-01-25T22:57:37+00:00","dateModified":"2023-12-23T13:18:46+00:00","description":"Het Gooi algemeen. Onderzoek in Koptienden registers 1504 \u2026 1805. Vereniging Stad en Lande van Gooiland.","breadcrumb":{"@id":"https:\/\/www.ngv-afdelingen.nl\/goi\/het-gooi-algemeen\/#breadcrumb"},"inLanguage":"nl-NL","potentialAction":[{"@type":"ReadAction","target":["https:\/\/www.ngv-afdelingen.nl\/goi\/het-gooi-algemeen\/"]}]},{"@type":"BreadcrumbList","@id":"https:\/\/www.ngv-afdelingen.nl\/goi\/het-gooi-algemeen\/#breadcrumb","itemListElement":[{"@type":"ListItem","position":1,"name":"Home","item":"https:\/\/www.ngv-afdelingen.nl\/goi\/"},{"@type":"ListItem","position":2,"name":"Het Gooi algemeen"}]},{"@type":"WebSite","@id":"https:\/\/www.ngv-afdelingen.nl\/goi\/#website","url":"https:\/\/www.ngv-afdelingen.nl\/goi\/","name":"NGV afdeling Gooiland","description":"","publisher":{"@id":"https:\/\/www.ngv-afdelingen.nl\/goi\/#organization"},"potentialAction":[{"@type":"SearchAction","target":{"@type":"EntryPoint","urlTemplate":"https:\/\/www.ngv-afdelingen.nl\/goi\/?s={search_term_string}"},"query-input":{"@type":"PropertyValueSpecification","valueRequired":true,"valueName":"search_term_string"}}],"inLanguage":"nl-NL"},{"@type":"Organization","@id":"https:\/\/www.ngv-afdelingen.nl\/goi\/#organization","name":"NGV Gooiland","url":"https:\/\/www.ngv-afdelingen.nl\/goi\/","logo":{"@type":"ImageObject","inLanguage":"nl-NL","@id":"https:\/\/www.ngv-afdelingen.nl\/goi\/#\/schema\/logo\/image\/","url":"https:\/\/www.ngv-afdelingen.nl\/goi\/wp-content\/uploads\/2022\/10\/logo-1024x541-1.png","contentUrl":"https:\/\/www.ngv-afdelingen.nl\/goi\/wp-content\/uploads\/2022\/10\/logo-1024x541-1.png","width":1024,"height":541,"caption":"NGV Gooiland"},"image":{"@id":"https:\/\/www.ngv-afdelingen.nl\/goi\/#\/schema\/logo\/image\/"},"sameAs":["https:\/\/www.facebook.com\/profile.php?id=100091245386301","https:\/\/x.com\/NGV_GOOI"]}]}},"_links":{"self":[{"href":"https:\/\/www.ngv-afdelingen.nl\/goi\/wp-json\/wp\/v2\/pages\/157","targetHints":{"allow":["GET"]}}],"collection":[{"href":"https:\/\/www.ngv-afdelingen.nl\/goi\/wp-json\/wp\/v2\/pages"}],"about":[{"href":"https:\/\/www.ngv-afdelingen.nl\/goi\/wp-json\/wp\/v2\/types\/page"}],"author":[{"embeddable":true,"href":"https:\/\/www.ngv-afdelingen.nl\/goi\/wp-json\/wp\/v2\/users\/1"}],"replies":[{"embeddable":true,"href":"https:\/\/www.ngv-afdelingen.nl\/goi\/wp-json\/wp\/v2\/comments?post=157"}],"version-history":[{"count":1,"href":"https:\/\/www.ngv-afdelingen.nl\/goi\/wp-json\/wp\/v2\/pages\/157\/revisions"}],"predecessor-version":[{"id":1398,"href":"https:\/\/www.ngv-afdelingen.nl\/goi\/wp-json\/wp\/v2\/pages\/157\/revisions\/1398"}],"wp:attachment":[{"href":"https:\/\/www.ngv-afdelingen.nl\/goi\/wp-json\/wp\/v2\/media?parent=157"}],"curies":[{"name":"wp","href":"https:\/\/api.w.org\/{rel}","templated":true}]}}