{"id":462,"date":"2022-05-03T16:08:03","date_gmt":"2022-05-03T14:08:03","guid":{"rendered":"https:\/\/www.ngv-afdelingen.nl\/kpl\/?page_id=462"},"modified":"2026-01-20T20:35:25","modified_gmt":"2026-01-20T19:35:25","slug":"afdelingsvergaderingen","status":"publish","type":"page","link":"https:\/\/www.ngv-afdelingen.nl\/kpl\/afdelingsvergaderingen\/","title":{"rendered":"Afdelingsvergaderingen"},"content":{"rendered":"\n<h1 class=\"wp-block-heading\" id=\"alv\"><strong>AfdelingsLedenVergadering<\/strong><\/h1>\n\n\n\n<p>De afdeling Kempen- en Peelland houdt statutair 2x per jaar een AfdelingsLedenVergadering (ALV). E\u00e9n in het voorjaar en \u00e9\u00e9n in het najaar. Bij beide vergaderingen staat de Algemene Vergadering van de NGV op de agenda. Tijdens de voorjaars-ALV wordt het jaarverslag besproken, terwijl bij de najaars-ALV het bestuur de afdelingsbegroting behandelt. In elke ALV kunnen mutaties in het bestuur worden goedgekeurd. Van tevoren krijgen de leden de agenda en de bijbehorende stukken per mail toegestuurd. De mogelijkheid bestaat dat er een extra ALV wordt gehouden om de leden te raadplegen bij belangrijke besluiten.<\/p>\n\n\n\n<p>Op deze pagina vinden jullie:<\/p>\n\n\n\n<ul class=\"wp-block-list\">\n<li>de <a href=\"#data\"><strong>data<\/strong><\/a> van de vergaderingen<\/li>\n\n\n\n<li>de laatste <a href=\"#agenda\"><strong>agenda<\/strong><\/a> en de eventuele stukken<\/li>\n\n\n\n<li>de <strong><a href=\"#notulen\">notulen<\/a> <\/strong>van de vergaderingen<\/li>\n\n\n\n<li>de <a href=\"#jaarverslag\"><strong>jaarverslagen<\/strong> <\/a>van de afdeling<\/li>\n<\/ul>\n\n\n\n<p><a href=\"#alv\"><strong>Naar boven<\/strong><\/a><\/p>\n\n\n\n<h4 class=\"wp-block-heading\" id=\"data\">Geplande afdelingsvergaderingen<\/h4>\n\n\n\n<p>In 2026 staat de voorjaars-ALV gepland op dinsdag 21 april en die in het najaar op dinsdag 17 november. Deze vergaderingen duren ongeveer een half uur, daarom worden ze gevolgd door een lezing of een aantal korte voordrachten van leden.<\/p>\n\n\n\n<p><a href=\"#alv\"><strong>Naar boven<\/strong><\/a><\/p>\n\n\n\n<h4 class=\"wp-block-heading\" id=\"agenda\">Agenda en stukken<\/h4>\n\n\n\n<p>De agenda en de stukken voor de ALV worden voorafgaand aan de vergadering per e-mail aan de leden toegezonden en ook op deze plaats downloadbaar gemaakt.<\/p>\n\n\n\n<p><strong>Agenda ALV<\/strong>: <strong>wordt nog nader bekendgemaakt.<\/strong><\/p>\n\n\n\n<h4 class=\"wp-block-heading\">Notulen ALV<\/h4>\n\n\n\n<p><\/p>\n\n\n\n<ul class=\"wp-block-list\">\n<li><strong><a href=\"https:\/\/www.ngv-afdelingen.nl\/kpl\/wp-content\/uploads\/2025\/10\/concept-notulen-ALV-KPL15april2025.odt\" target=\"_blank\" rel=\"noreferrer noopener\">Notulen ALV voorjaar 2025<\/a><\/strong><\/li>\n\n\n\n<li><a href=\"https:\/\/www.ngv-afdelingen.nl\/kpl\/wp-content\/uploads\/2025\/04\/concept-notulen-ALV-KPL-12november-2024.pdf\"><strong>Notulen ALV najaar 2024<\/strong><\/a><\/li>\n\n\n\n<li><a href=\"https:\/\/www.ngv-afdelingen.nl\/kpl\/wp-content\/uploads\/2025\/04\/concept-notulen-ALV-KPL-9-april-2024.pdf\"><strong>Notulen ALV voorjaar 2024<\/strong><\/a><\/li>\n\n\n\n<li style=\"font-style:normal;font-weight:700\"><a href=\"https:\/\/www.ngv-afdelingen.nl\/kpl\/wp-content\/uploads\/2023\/12\/concept-notulen-ALV-KPL-14nov2023.docx\" data-type=\"attachment\" data-id=\"1430\" target=\"_blank\" rel=\"noreferrer noopener\">Notulen ALV najaar 2023<\/a><\/li>\n\n\n\n<li style=\"font-style:normal;font-weight:700\"><a href=\"https:\/\/www.ngv-afdelingen.nl\/kpl\/wp-content\/uploads\/2023\/12\/notulen-ALV-KPL-11-04-2023.docx\" data-type=\"attachment\" data-id=\"1428\">Notulen <\/a><a href=\"https:\/\/www.ngv-afdelingen.nl\/kpl\/wp-content\/uploads\/2023\/12\/notulen-ALV-KPL-11-04-2023.docx\" data-type=\"attachment\" data-id=\"1428\" target=\"_blank\" rel=\"noreferrer noopener\">ALV<\/a><a href=\"https:\/\/www.ngv-afdelingen.nl\/kpl\/wp-content\/uploads\/2023\/12\/notulen-ALV-KPL-11-04-2023.docx\" data-type=\"attachment\" data-id=\"1428\"> voorjaar 2023<\/a><\/li>\n\n\n\n<li style=\"font-style:normal;font-weight:700\"><a href=\"https:\/\/www.ngv-afdelingen.nl\/kpl\/wp-content\/uploads\/2023\/12\/20221108-notulen-ALV-KPL-concept.docx\" data-type=\"attachment\" data-id=\"1432\">Notulen <\/a><a href=\"https:\/\/www.ngv-afdelingen.nl\/kpl\/wp-content\/uploads\/2023\/12\/20221108-notulen-ALV-KPL-concept.docx\" data-type=\"attachment\" data-id=\"1432\" target=\"_blank\" rel=\"noreferrer noopener\">ALV<\/a><a href=\"https:\/\/www.ngv-afdelingen.nl\/kpl\/wp-content\/uploads\/2023\/12\/20221108-notulen-ALV-KPL-concept.docx\" data-type=\"attachment\" data-id=\"1432\"> 8 november 2022<\/a><\/li>\n\n\n\n<li style=\"font-style:normal;font-weight:700\"><a href=\"https:\/\/www.ngv-afdelingen.nl\/kpl\/wp-content\/uploads\/2022\/05\/20220510-notulen-ALV-KPL-concept.pdf\">Notulen <\/a><a href=\"https:\/\/www.ngv-afdelingen.nl\/kpl\/wp-content\/uploads\/2022\/05\/20220510-notulen-ALV-KPL-concept.pdf\" target=\"_blank\" rel=\"noreferrer noopener\">ALV<\/a><a href=\"https:\/\/www.ngv-afdelingen.nl\/kpl\/wp-content\/uploads\/2022\/05\/20220510-notulen-ALV-KPL-concept.pdf\"> 10 mei 2022<\/a><\/li>\n\n\n\n<li style=\"font-style:normal;font-weight:700\"><a href=\"https:\/\/www.ngv-afdelingen.nl\/kpl\/wp-content\/uploads\/2022\/05\/20211012-notulen-ALV-KPL.pdf\">Notulen ALV 12 oktober 2021<\/a><\/li>\n\n\n\n<li style=\"font-style:normal;font-weight:700\"><a href=\"https:\/\/www.ngv-afdelingen.nl\/kpl\/wp-content\/uploads\/2022\/05\/notulen-ALV-4-9-2021-extra.pdf\">Notulen extra ALV 4 september 2021<\/a><\/li>\n\n\n\n<li style=\"font-style:normal;font-weight:700\"><a href=\"https:\/\/www.ngv-afdelingen.nl\/kpl\/wp-content\/uploads\/2022\/05\/notulen-ALV-12-11-2019.pdf\">Notulen ALV 12 november 2019<\/a><\/li>\n\n\n\n<li style=\"font-style:normal;font-weight:700\"><a href=\"https:\/\/www.ngv-afdelingen.nl\/kpl\/wp-content\/uploads\/2022\/05\/notulen-ALV-2-4-2019.pdf\">Notulen ALV 2 april 2019<\/a><\/li>\n<\/ul>\n\n\n\n<p><a href=\"#alv\"><strong>Naar boven<\/strong><\/a><\/p>\n\n\n\n<h4 class=\"wp-block-heading\" id=\"jaarverslag\">Jaarverslagen<\/h4>\n\n\n\n<ul class=\"wp-block-list\">\n<li><strong><a href=\"https:\/\/www.ngv-afdelingen.nl\/kpl\/wp-content\/uploads\/2025\/04\/2024-jaarverslag-KPL.pdf\">Jaarverslag 2024<\/a><\/strong><\/li>\n\n\n\n<li><strong><a href=\"https:\/\/www.ngv-afdelingen.nl\/kpl\/wp-content\/uploads\/2025\/04\/2023-jaarverslag-KPL.pdf\">Jaarverslag 2023<\/a><\/strong><\/li>\n\n\n\n<li><a href=\"https:\/\/www.ngv-afdelingen.nl\/kpl\/wp-content\/uploads\/2023\/12\/2022-jaarverslag-KPL.docx\" data-type=\"attachment\" data-id=\"1429\"><strong>Jaarverslag 2022<\/strong><\/a><\/li>\n\n\n\n<li style=\"font-style:normal;font-weight:700\"><a href=\"https:\/\/www.ngv-afdelingen.nl\/kpl\/wp-content\/uploads\/2022\/05\/2021-jaarverslag-KPL.pdf\">Jaarverslag 2021<\/a> <\/li>\n\n\n\n<li style=\"font-style:normal;font-weight:700\"><a href=\"https:\/\/www.ngv-afdelingen.nl\/kpl\/wp-content\/uploads\/2022\/05\/2020-jaarverslag-KPL.pdf\">Jaarverslag 2020<\/a><\/li>\n\n\n\n<li style=\"font-style:normal;font-weight:700\"><a href=\"https:\/\/www.ngv-afdelingen.nl\/kpl\/wp-content\/uploads\/2022\/05\/2019-jaarverslag-KPL.pdf\">Jaarverslag 2019<\/a><\/li>\n\n\n\n<li style=\"font-style:normal;font-weight:700\"><a href=\"https:\/\/www.ngv-afdelingen.nl\/kpl\/wp-content\/uploads\/2022\/05\/2018-jaarverslag-KPL.pdf\">Jaarverslag 2018<\/a><\/li>\n\n\n\n<li style=\"font-style:normal;font-weight:700\"><a href=\"https:\/\/www.ngv-afdelingen.nl\/kpl\/wp-content\/uploads\/2022\/05\/2017-jaarverslag-KPL.pdf\">Jaarverslag 2017<\/a><\/li>\n\n\n\n<li style=\"font-style:normal;font-weight:700\"><a href=\"https:\/\/www.ngv-afdelingen.nl\/kpl\/wp-content\/uploads\/2022\/05\/2016-jaarverslag-KPL.pdf\">Jaarverslag 2016<\/a><\/li>\n\n\n\n<li style=\"font-style:normal;font-weight:700\"><a href=\"https:\/\/www.ngv-afdelingen.nl\/kpl\/wp-content\/uploads\/2022\/05\/2015-jaarverslag-KPL.pdf\">Jaarverslag 2015<\/a><\/li>\n\n\n\n<li style=\"font-style:normal;font-weight:700\"><a href=\"https:\/\/www.ngv-afdelingen.nl\/kpl\/wp-content\/uploads\/2022\/05\/2014-jaarverslag-KPL.pdf\">Jaarverslag 2014<\/a><\/li>\n\n\n\n<li style=\"font-style:normal;font-weight:700\"><a href=\"https:\/\/www.ngv-afdelingen.nl\/kpl\/wp-content\/uploads\/2022\/05\/2013-jaarverslag-KPL.pdf\">Jaarverslag 2013<\/a><\/li>\n\n\n\n<li style=\"font-style:normal;font-weight:700\"><a href=\"https:\/\/www.ngv-afdelingen.nl\/kpl\/wp-content\/uploads\/2022\/05\/2012-jaarverslag-KPL.pdf\">Jaarverslag 2012<\/a><\/li>\n\n\n\n<li style=\"font-style:normal;font-weight:700\"><a href=\"https:\/\/www.ngv-afdelingen.nl\/kpl\/wp-content\/uploads\/2022\/05\/2011-jaarverslag-KPL.pdf\">Jaarverslag 2011<\/a><\/li>\n\n\n\n<li style=\"font-style:normal;font-weight:700\"><a href=\"https:\/\/www.ngv-afdelingen.nl\/kpl\/wp-content\/uploads\/2022\/05\/2010-jaarverslag-KPL.pdf\">Jaarverslag 2010<\/a><\/li>\n\n\n\n<li style=\"font-style:normal;font-weight:700\"><a href=\"https:\/\/www.ngv-afdelingen.nl\/kpl\/wp-content\/uploads\/2022\/05\/2009-jaarverslag-KPL.pdf\">Jaarverslag 2009<\/a><\/li>\n<\/ul>\n\n\n\n<p><a href=\"#alv\"><strong>Naar boven<\/strong><\/a><\/p>\n","protected":false},"excerpt":{"rendered":"<p>AfdelingsLedenVergadering De afdeling Kempen- en Peelland houdt statutair 2x per jaar een AfdelingsLedenVergadering (ALV). E\u00e9n in het voorjaar en \u00e9\u00e9n in het najaar. Bij beide vergaderingen staat de Algemene Vergadering van de NGV op de agenda. Tijdens de voorjaars-ALV wordt het jaarverslag besproken, terwijl bij de najaars-ALV het bestuur de &hellip;<\/p>\n","protected":false},"author":4,"featured_media":0,"parent":0,"menu_order":0,"comment_status":"closed","ping_status":"closed","template":"","meta":{"footnotes":""},"class_list":["post-462","page","type-page","status-publish","hentry"],"_links":{"self":[{"href":"https:\/\/www.ngv-afdelingen.nl\/kpl\/wp-json\/wp\/v2\/pages\/462","targetHints":{"allow":["GET"]}}],"collection":[{"href":"https:\/\/www.ngv-afdelingen.nl\/kpl\/wp-json\/wp\/v2\/pages"}],"about":[{"href":"https:\/\/www.ngv-afdelingen.nl\/kpl\/wp-json\/wp\/v2\/types\/page"}],"author":[{"embeddable":true,"href":"https:\/\/www.ngv-afdelingen.nl\/kpl\/wp-json\/wp\/v2\/users\/4"}],"replies":[{"embeddable":true,"href":"https:\/\/www.ngv-afdelingen.nl\/kpl\/wp-json\/wp\/v2\/comments?post=462"}],"version-history":[{"count":16,"href":"https:\/\/www.ngv-afdelingen.nl\/kpl\/wp-json\/wp\/v2\/pages\/462\/revisions"}],"predecessor-version":[{"id":2740,"href":"https:\/\/www.ngv-afdelingen.nl\/kpl\/wp-json\/wp\/v2\/pages\/462\/revisions\/2740"}],"wp:attachment":[{"href":"https:\/\/www.ngv-afdelingen.nl\/kpl\/wp-json\/wp\/v2\/media?parent=462"}],"curies":[{"name":"wp","href":"https:\/\/api.w.org\/{rel}","templated":true}]}}